{"id":2303,"date":"2025-11-10T09:10:16","date_gmt":"2025-11-10T09:10:16","guid":{"rendered":"https:\/\/www.g4ssafetysolutions.com\/be\/product\/masque-complet-drager-panorama-nova\/"},"modified":"2026-04-03T11:54:18","modified_gmt":"2026-04-03T11:54:18","slug":"masque-complet-drager-panorama-nova","status":"publish","type":"product","link":"https:\/\/www.g4ssafetysolutions.com\/be\/fr\/product\/masque-complet-drager-panorama-nova\/","title":{"rendered":"Masque complet Dr\u00e4ger Panorama Nova"},"content":{"rendered":"<p>Le Dr\u00e4ger Panorama Nova est un masque complet de haute qualit\u00e9 adapt\u00e9 aux applications de filtrage et aux solutions \u00e0 air comprim\u00e9. Combin\u00e9 aux filtres Rd40, il offre une protection fiable en pr\u00e9sence d\u2019oxyg\u00e8ne suffisant. Pour les situations de qualit\u00e9 d\u2019air inconnue ou dangereuse, il peut \u00eatre coupl\u00e9 \u00e0 des appareils respiratoires isolants ou \u00e0 un syst\u00e8me d\u2019adduction d\u2019air. Gr\u00e2ce \u00e0 son large oculaire sans distorsion, son ajustement confortable en EPDM ou silicone et ses mat\u00e9riaux robustes, ce masque est id\u00e9al pour un usage intensif et professionnel.   <\/p>\n<p><a href=\"\u00bb\"  class=\"btn short-code\"><span>Demander un devis<\/span><\/a><\/p>\n","protected":false},"excerpt":{"rendered":"<p>Le Dr\u00e4ger Panorama Nova est un masque complet robuste et confortable, adapt\u00e9 \u00e0 l\u2019usage de filtres et aux applications \u00e0 air comprim\u00e9. L\u2019oculaire \u00e0 180\u00b0 offre une excellente visibilit\u00e9 et l\u2019\u00e9tanch\u00e9it\u00e9 en EPDM ou silicone assure un ajustement s\u00fbr. Le masque est compatible avec les filtres Rd40, les syst\u00e8mes d\u2019adduction d\u2019air et les appareils respiratoires isolants. Id\u00e9al pour la s\u00e9curit\u00e9 industrielle, les pompiers et l\u2019intervention d\u2019urgence professionnelle. G4S fournit des solutions de filtrage et d\u2019air comprim\u00e9.    <\/p>\n","protected":false},"featured_media":1181,"comment_status":"open","ping_status":"closed","template":"","meta":{"_acf_changed":false,"inline_featured_image":false},"product_brand":[80],"product_cat":[123,121],"product_tag":[],"class_list":{"0":"post-2303","1":"product","2":"type-product","3":"status-publish","4":"has-post-thumbnail","6":"product_brand-drager","7":"product_cat-masques-complets","8":"product_cat-protection-respiratoire","10":"first","11":"instock","12":"shipping-taxable","13":"product-type-simple"},"acf":[],"_links":{"self":[{"href":"https:\/\/www.g4ssafetysolutions.com\/be\/fr\/wp-json\/wp\/v2\/product\/2303","targetHints":{"allow":["GET"]}}],"collection":[{"href":"https:\/\/www.g4ssafetysolutions.com\/be\/fr\/wp-json\/wp\/v2\/product"}],"about":[{"href":"https:\/\/www.g4ssafetysolutions.com\/be\/fr\/wp-json\/wp\/v2\/types\/product"}],"replies":[{"embeddable":true,"href":"https:\/\/www.g4ssafetysolutions.com\/be\/fr\/wp-json\/wp\/v2\/comments?post=2303"}],"wp:featuredmedia":[{"embeddable":true,"href":"https:\/\/www.g4ssafetysolutions.com\/be\/fr\/wp-json\/wp\/v2\/media\/1181"}],"wp:attachment":[{"href":"https:\/\/www.g4ssafetysolutions.com\/be\/fr\/wp-json\/wp\/v2\/media?parent=2303"}],"wp:term":[{"taxonomy":"product_brand","embeddable":true,"href":"https:\/\/www.g4ssafetysolutions.com\/be\/fr\/wp-json\/wp\/v2\/product_brand?post=2303"},{"taxonomy":"product_cat","embeddable":true,"href":"https:\/\/www.g4ssafetysolutions.com\/be\/fr\/wp-json\/wp\/v2\/product_cat?post=2303"},{"taxonomy":"product_tag","embeddable":true,"href":"https:\/\/www.g4ssafetysolutions.com\/be\/fr\/wp-json\/wp\/v2\/product_tag?post=2303"}],"curies":[{"name":"wp","href":"https:\/\/api.w.org\/{rel}","templated":true}]}}