{"id":2298,"date":"2025-11-10T09:11:09","date_gmt":"2025-11-10T09:11:09","guid":{"rendered":"https:\/\/www.g4ssafetysolutions.com\/be\/product\/msa-miniscape\/"},"modified":"2026-04-03T11:54:17","modified_gmt":"2026-04-03T11:54:17","slug":"msa-miniscape","status":"publish","type":"product","link":"https:\/\/www.g4ssafetysolutions.com\/be\/fr\/product\/msa-miniscape\/","title":{"rendered":"MSA miniSCAPE"},"content":{"rendered":"<p data-start=\"191\" data-end=\"702\">Le MSA miniSCAPE est un appareil d\u2019\u00e9vacuation compact pour une protection imm\u00e9diate lors d\u2019\u00e9missions soudaines de gaz, vapeurs ou liquides toxiques. Gr\u00e2ce \u00e0 la technologie de filtration TabTec\u00ae, l\u2019appareil offre de hautes performances dans un design l\u00e9ger et flexible. L\u2019embout buccal et le pince-nez assurent un ajustement universel, m\u00eame pour les personnes portant des lunettes ou une barbe. Livr\u00e9 dans un bo\u00eetier de transport r\u00e9sistant aux chocs, le miniSCAPE est pr\u00eat \u00e0 l\u2019emploi en quelques secondes, id\u00e9al pour les situations d\u2019urgence o\u00f9 chaque seconde compte.   <\/p>\n<p>&nbsp;<\/p>\n<p data-start=\"191\" data-end=\"702\"><a href=\"\u00bb\"  class=\"btn short-code\"><span>Demander un devis<\/span><\/a><\/p>\n","protected":false},"excerpt":{"rendered":"<p>Le MSA miniSCAPE est un appareil d\u2019\u00e9vacuation compact et imm\u00e9diatement op\u00e9rationnel pour la protection contre les \u00e9missions soudaines de gaz ou vapeurs toxiques. Gr\u00e2ce \u00e0 la technologie de filtration TabTec\u00ae, il offre de hautes performances dans un design l\u00e9ger. Adapt\u00e9 aux porteurs de lunettes et de barbe. Avec une dur\u00e9e d\u2019utilisation de 5 minutes et un bo\u00eetier r\u00e9sistant aux chocs, le miniSCAPE est id\u00e9al pour les laboratoires, les environnements industriels et tous les sites manipulant des substances dangereuses.   <\/p>\n","protected":false},"featured_media":1182,"comment_status":"open","ping_status":"closed","template":"","meta":{"_acf_changed":false,"inline_featured_image":false},"product_brand":[79],"product_cat":[133,121],"product_tag":[],"class_list":{"0":"post-2298","1":"product","2":"type-product","3":"status-publish","4":"has-post-thumbnail","6":"product_brand-msa-safety","7":"product_cat-appareils-devacuation","8":"product_cat-protection-respiratoire","10":"first","11":"instock","12":"shipping-taxable","13":"product-type-simple"},"acf":[],"_links":{"self":[{"href":"https:\/\/www.g4ssafetysolutions.com\/be\/fr\/wp-json\/wp\/v2\/product\/2298","targetHints":{"allow":["GET"]}}],"collection":[{"href":"https:\/\/www.g4ssafetysolutions.com\/be\/fr\/wp-json\/wp\/v2\/product"}],"about":[{"href":"https:\/\/www.g4ssafetysolutions.com\/be\/fr\/wp-json\/wp\/v2\/types\/product"}],"replies":[{"embeddable":true,"href":"https:\/\/www.g4ssafetysolutions.com\/be\/fr\/wp-json\/wp\/v2\/comments?post=2298"}],"wp:featuredmedia":[{"embeddable":true,"href":"https:\/\/www.g4ssafetysolutions.com\/be\/fr\/wp-json\/wp\/v2\/media\/1182"}],"wp:attachment":[{"href":"https:\/\/www.g4ssafetysolutions.com\/be\/fr\/wp-json\/wp\/v2\/media?parent=2298"}],"wp:term":[{"taxonomy":"product_brand","embeddable":true,"href":"https:\/\/www.g4ssafetysolutions.com\/be\/fr\/wp-json\/wp\/v2\/product_brand?post=2298"},{"taxonomy":"product_cat","embeddable":true,"href":"https:\/\/www.g4ssafetysolutions.com\/be\/fr\/wp-json\/wp\/v2\/product_cat?post=2298"},{"taxonomy":"product_tag","embeddable":true,"href":"https:\/\/www.g4ssafetysolutions.com\/be\/fr\/wp-json\/wp\/v2\/product_tag?post=2298"}],"curies":[{"name":"wp","href":"https:\/\/api.w.org\/{rel}","templated":true}]}}