{"id":2293,"date":"2025-11-10T09:11:24","date_gmt":"2025-11-10T09:11:24","guid":{"rendered":"https:\/\/www.g4ssafetysolutions.com\/be\/product\/drager-parat-3200\/"},"modified":"2026-04-03T11:54:17","modified_gmt":"2026-04-03T11:54:17","slug":"drager-parat-3200","status":"publish","type":"product","link":"https:\/\/www.g4ssafetysolutions.com\/be\/fr\/product\/drager-parat-3200\/","title":{"rendered":"Dr\u00e4ger PARAT 3200"},"content":{"rendered":"<p>Le Dr\u00e4ger PARAT 3200 est un masque d\u2019\u00e9vacuation compact avec filtre multigaz ABEK-15, con\u00e7u pour une protection rapide et fiable contre de nombreux gaz industriels toxiques. L\u2019embout buccal avec pince-nez minimise les fuites et s\u2019installe facilement, m\u00eame par les porteurs de barbe. Gr\u00e2ce au bo\u00eetier robuste et ergonomique avec couvercle transparent, l\u2019\u00e9tat du filtre est toujours visible. Avec une dur\u00e9e de vie totale de 12 ans et des exigences de maintenance minimales, ce masque d\u2019\u00e9vacuation offre une s\u00e9curit\u00e9 durable lors des situations d\u2019urgence.   <\/p>\n<p><a href=\"\u00bb\"  class=\"btn short-code\"><span>Demander un devis<\/span><\/a><\/p>\n","protected":false},"excerpt":{"rendered":"<p>Le Dr\u00e4ger PARAT 3200 est un masque d\u2019\u00e9vacuation compact avec filtre multigaz ABEK-15 offrant au moins 15 minutes de protection contre les gaz industriels toxiques. Gr\u00e2ce \u00e0 son bo\u00eetier robuste, son clip de ceinture int\u00e9gr\u00e9 et son couvercle transparent, le masque est id\u00e9al pour une utilisation quotidienne dans des environnements \u00e0 risque. Avec une dur\u00e9e de vie de 12 ans et un entretien minimal, c\u2019est un choix fiable pour une \u00e9vacuation s\u00fbre.  <\/p>\n","protected":false},"featured_media":1186,"comment_status":"open","ping_status":"closed","template":"","meta":{"_acf_changed":false,"inline_featured_image":false},"product_brand":[80],"product_cat":[133],"product_tag":[],"class_list":{"0":"post-2293","1":"product","2":"type-product","3":"status-publish","4":"has-post-thumbnail","6":"product_brand-drager","7":"product_cat-appareils-devacuation","9":"first","10":"instock","11":"shipping-taxable","12":"product-type-simple"},"acf":[],"_links":{"self":[{"href":"https:\/\/www.g4ssafetysolutions.com\/be\/fr\/wp-json\/wp\/v2\/product\/2293","targetHints":{"allow":["GET"]}}],"collection":[{"href":"https:\/\/www.g4ssafetysolutions.com\/be\/fr\/wp-json\/wp\/v2\/product"}],"about":[{"href":"https:\/\/www.g4ssafetysolutions.com\/be\/fr\/wp-json\/wp\/v2\/types\/product"}],"replies":[{"embeddable":true,"href":"https:\/\/www.g4ssafetysolutions.com\/be\/fr\/wp-json\/wp\/v2\/comments?post=2293"}],"wp:featuredmedia":[{"embeddable":true,"href":"https:\/\/www.g4ssafetysolutions.com\/be\/fr\/wp-json\/wp\/v2\/media\/1186"}],"wp:attachment":[{"href":"https:\/\/www.g4ssafetysolutions.com\/be\/fr\/wp-json\/wp\/v2\/media?parent=2293"}],"wp:term":[{"taxonomy":"product_brand","embeddable":true,"href":"https:\/\/www.g4ssafetysolutions.com\/be\/fr\/wp-json\/wp\/v2\/product_brand?post=2293"},{"taxonomy":"product_cat","embeddable":true,"href":"https:\/\/www.g4ssafetysolutions.com\/be\/fr\/wp-json\/wp\/v2\/product_cat?post=2293"},{"taxonomy":"product_tag","embeddable":true,"href":"https:\/\/www.g4ssafetysolutions.com\/be\/fr\/wp-json\/wp\/v2\/product_tag?post=2293"}],"curies":[{"name":"wp","href":"https:\/\/api.w.org\/{rel}","templated":true}]}}