{"id":2288,"date":"2025-11-10T09:09:49","date_gmt":"2025-11-10T09:09:49","guid":{"rendered":"https:\/\/www.g4ssafetysolutions.com\/be\/product\/masque-complet-msa-3s-p-s\/"},"modified":"2026-04-03T11:54:16","modified_gmt":"2026-04-03T11:54:16","slug":"masque-complet-msa-3s-p-s","status":"publish","type":"product","link":"https:\/\/www.g4ssafetysolutions.com\/be\/fr\/product\/masque-complet-msa-3s-p-s\/","title":{"rendered":"Masque complet MSA 3S P-S"},"content":{"rendered":"<p>Le masque complet MSA 3S P-S est destin\u00e9 \u00e0 \u00eatre utilis\u00e9 avec des r\u00e9gulateurs \u00e0 surpression pour appareils respiratoires \u00e0 adduction d\u2019air et appareils de protection respiratoire (aliment\u00e9s par conduite).<\/p>\n<p><a href=\"\u00bb\"  class=\"btn short-code\"><span>Demander un devis<\/span><\/a><\/p>\n","protected":false},"excerpt":{"rendered":"<p>Le masque complet MSA 3S P-S est destin\u00e9 \u00e0 \u00eatre utilis\u00e9 avec des r\u00e9gulateurs \u00e0 surpression pour appareils respiratoires \u00e0 adduction d\u2019air et appareils de protection respiratoire (aliment\u00e9s par conduite).<\/p>\n","protected":false},"featured_media":1140,"comment_status":"open","ping_status":"closed","template":"","meta":{"_acf_changed":false,"inline_featured_image":false},"product_brand":[79],"product_cat":[123,121],"product_tag":[],"class_list":{"0":"post-2288","1":"product","2":"type-product","3":"status-publish","4":"has-post-thumbnail","6":"product_brand-msa-safety","7":"product_cat-masques-complets","8":"product_cat-protection-respiratoire","10":"first","11":"instock","12":"shipping-taxable","13":"product-type-simple"},"acf":[],"_links":{"self":[{"href":"https:\/\/www.g4ssafetysolutions.com\/be\/fr\/wp-json\/wp\/v2\/product\/2288","targetHints":{"allow":["GET"]}}],"collection":[{"href":"https:\/\/www.g4ssafetysolutions.com\/be\/fr\/wp-json\/wp\/v2\/product"}],"about":[{"href":"https:\/\/www.g4ssafetysolutions.com\/be\/fr\/wp-json\/wp\/v2\/types\/product"}],"replies":[{"embeddable":true,"href":"https:\/\/www.g4ssafetysolutions.com\/be\/fr\/wp-json\/wp\/v2\/comments?post=2288"}],"wp:featuredmedia":[{"embeddable":true,"href":"https:\/\/www.g4ssafetysolutions.com\/be\/fr\/wp-json\/wp\/v2\/media\/1140"}],"wp:attachment":[{"href":"https:\/\/www.g4ssafetysolutions.com\/be\/fr\/wp-json\/wp\/v2\/media?parent=2288"}],"wp:term":[{"taxonomy":"product_brand","embeddable":true,"href":"https:\/\/www.g4ssafetysolutions.com\/be\/fr\/wp-json\/wp\/v2\/product_brand?post=2288"},{"taxonomy":"product_cat","embeddable":true,"href":"https:\/\/www.g4ssafetysolutions.com\/be\/fr\/wp-json\/wp\/v2\/product_cat?post=2288"},{"taxonomy":"product_tag","embeddable":true,"href":"https:\/\/www.g4ssafetysolutions.com\/be\/fr\/wp-json\/wp\/v2\/product_tag?post=2288"}],"curies":[{"name":"wp","href":"https:\/\/api.w.org\/{rel}","templated":true}]}}