{"id":2286,"date":"2025-11-10T09:11:41","date_gmt":"2025-11-10T09:11:41","guid":{"rendered":"https:\/\/www.g4ssafetysolutions.com\/be\/product\/bio-s-cape\/"},"modified":"2026-04-03T11:54:16","modified_gmt":"2026-04-03T11:54:16","slug":"bio-s-cape","status":"publish","type":"product","link":"https:\/\/www.g4ssafetysolutions.com\/be\/fr\/product\/bio-s-cape\/","title":{"rendered":"Bio S-Cape"},"content":{"rendered":"<p>Le Bio S-Cape est un appareil respiratoire d\u2019\u00e9vacuation et d\u2019urgence autonome de Honeywell, con\u00e7u pour une \u00e9vacuation rapide des environnements dangereux ou pauvres en oxyg\u00e8ne. Livr\u00e9 dans une sacoche qui active automatiquement l\u2019alimentation en air de la bouteille en acier, la cagoule avec coussin d\u2019air gonflable int\u00e9gr\u00e9 assure un ajustement optimal \u2014 m\u00eame avec des lunettes ou une barbe \u2014 et une utilisation mains libres. Un sifflet d\u2019alarme avertit \u00e0 temps en cas de fin d\u2019alimentation en air. L\u2019appareil est de construction robuste, r\u00e9sistant aux temp\u00e9ratures extr\u00eames ainsi qu\u2019aux conditions humides et chimiques.   <\/p>\n<p><a href=\"\u00bb\"  class=\"btn short-code\"><span>Demander un devis<\/span><\/a><\/p>\n","protected":false},"excerpt":{"rendered":"<p>S\u00e9curit\u00e9 au plus haut niveau : le kit d\u2019\u00e9vacuation Honeywell Bio-S-Cape offre 15 minutes d\u2019air respirable autonome, une activation automatique via la sacoche, une cagoule confortable adapt\u00e9e aux porteurs de lunettes et de barbe, et une construction robuste pour une utilisation en environnements extr\u00eames (\u201315 \u00b0C \u00e0 +60 \u00b0C). Certifi\u00e9 selon EN 1146:2005, IMO, MED, MSC et SOLAS. Id\u00e9al pour l\u2019\u00e9vacuation, l\u2019industrie et les zones \u00e0 risques techniques.  <\/p>\n","protected":false},"featured_media":1190,"comment_status":"open","ping_status":"closed","template":"","meta":{"_acf_changed":false,"inline_featured_image":false},"product_brand":[77],"product_cat":[133],"product_tag":[],"class_list":{"0":"post-2286","1":"product","2":"type-product","3":"status-publish","4":"has-post-thumbnail","6":"product_brand-honeywell","7":"product_cat-appareils-devacuation","9":"first","10":"instock","11":"shipping-taxable","12":"product-type-simple"},"acf":[],"_links":{"self":[{"href":"https:\/\/www.g4ssafetysolutions.com\/be\/fr\/wp-json\/wp\/v2\/product\/2286","targetHints":{"allow":["GET"]}}],"collection":[{"href":"https:\/\/www.g4ssafetysolutions.com\/be\/fr\/wp-json\/wp\/v2\/product"}],"about":[{"href":"https:\/\/www.g4ssafetysolutions.com\/be\/fr\/wp-json\/wp\/v2\/types\/product"}],"replies":[{"embeddable":true,"href":"https:\/\/www.g4ssafetysolutions.com\/be\/fr\/wp-json\/wp\/v2\/comments?post=2286"}],"wp:featuredmedia":[{"embeddable":true,"href":"https:\/\/www.g4ssafetysolutions.com\/be\/fr\/wp-json\/wp\/v2\/media\/1190"}],"wp:attachment":[{"href":"https:\/\/www.g4ssafetysolutions.com\/be\/fr\/wp-json\/wp\/v2\/media?parent=2286"}],"wp:term":[{"taxonomy":"product_brand","embeddable":true,"href":"https:\/\/www.g4ssafetysolutions.com\/be\/fr\/wp-json\/wp\/v2\/product_brand?post=2286"},{"taxonomy":"product_cat","embeddable":true,"href":"https:\/\/www.g4ssafetysolutions.com\/be\/fr\/wp-json\/wp\/v2\/product_cat?post=2286"},{"taxonomy":"product_tag","embeddable":true,"href":"https:\/\/www.g4ssafetysolutions.com\/be\/fr\/wp-json\/wp\/v2\/product_tag?post=2286"}],"curies":[{"name":"wp","href":"https:\/\/api.w.org\/{rel}","templated":true}]}}