{"id":2281,"date":"2025-11-10T09:10:02","date_gmt":"2025-11-10T09:10:02","guid":{"rendered":"https:\/\/www.g4ssafetysolutions.com\/be\/product\/masque-complet-g1\/"},"modified":"2026-04-03T11:54:16","modified_gmt":"2026-04-03T11:54:16","slug":"masque-complet-g1","status":"publish","type":"product","link":"https:\/\/www.g4ssafetysolutions.com\/be\/fr\/product\/masque-complet-g1\/","title":{"rendered":"Masque complet G1"},"content":{"rendered":"<p>Le masque complet G1 offre un confort de port et de respiration in\u00e9gal\u00e9 avec un ajustement optimal en trois tailles. Gr\u00e2ce \u00e0 son champ de vision large et sans distorsion et \u00e0 son flux d\u2019air unique, la visi\u00e8re reste claire, m\u00eame dans des conditions exigeantes. Sa conception l\u00e9g\u00e8re et plate r\u00e9duit les points de pression et augmente la libert\u00e9 de mouvement. La transmission vocale int\u00e9gr\u00e9e et le casque C1 optionnel assurent une communication claire. Le masque est facile \u00e0 entretenir, compatible avec les casques Gallet F1XF et \u00e9quip\u00e9 d\u2019un transpondeur RFID pour une gestion efficace.    <\/p>\n<p><a href=\"\u00bb\"  class=\"btn short-code\"><span>Demander un devis<\/span><\/a><\/p>\n","protected":false},"excerpt":{"rendered":"<p>Le masque complet G1 offre un confort maximal, une vision claire et une excellente communication en toute situation. Avec visi\u00e8re anti-bu\u00e9e, faible r\u00e9sistance respiratoire et transpondeur RFID int\u00e9gr\u00e9. <\/p>\n","protected":false},"featured_media":1684,"comment_status":"open","ping_status":"closed","template":"","meta":{"_acf_changed":false,"inline_featured_image":false},"product_brand":[79],"product_cat":[123,121],"product_tag":[],"class_list":{"0":"post-2281","1":"product","2":"type-product","3":"status-publish","4":"has-post-thumbnail","6":"product_brand-msa-safety","7":"product_cat-masques-complets","8":"product_cat-protection-respiratoire","10":"first","11":"instock","12":"shipping-taxable","13":"product-type-simple"},"acf":[],"_links":{"self":[{"href":"https:\/\/www.g4ssafetysolutions.com\/be\/fr\/wp-json\/wp\/v2\/product\/2281","targetHints":{"allow":["GET"]}}],"collection":[{"href":"https:\/\/www.g4ssafetysolutions.com\/be\/fr\/wp-json\/wp\/v2\/product"}],"about":[{"href":"https:\/\/www.g4ssafetysolutions.com\/be\/fr\/wp-json\/wp\/v2\/types\/product"}],"replies":[{"embeddable":true,"href":"https:\/\/www.g4ssafetysolutions.com\/be\/fr\/wp-json\/wp\/v2\/comments?post=2281"}],"wp:featuredmedia":[{"embeddable":true,"href":"https:\/\/www.g4ssafetysolutions.com\/be\/fr\/wp-json\/wp\/v2\/media\/1684"}],"wp:attachment":[{"href":"https:\/\/www.g4ssafetysolutions.com\/be\/fr\/wp-json\/wp\/v2\/media?parent=2281"}],"wp:term":[{"taxonomy":"product_brand","embeddable":true,"href":"https:\/\/www.g4ssafetysolutions.com\/be\/fr\/wp-json\/wp\/v2\/product_brand?post=2281"},{"taxonomy":"product_cat","embeddable":true,"href":"https:\/\/www.g4ssafetysolutions.com\/be\/fr\/wp-json\/wp\/v2\/product_cat?post=2281"},{"taxonomy":"product_tag","embeddable":true,"href":"https:\/\/www.g4ssafetysolutions.com\/be\/fr\/wp-json\/wp\/v2\/product_tag?post=2281"}],"curies":[{"name":"wp","href":"https:\/\/api.w.org\/{rel}","templated":true}]}}