{"id":2276,"date":"2025-11-20T12:59:50","date_gmt":"2025-11-20T12:59:50","guid":{"rendered":"https:\/\/www.g4ssafetysolutions.com\/be\/product\/ignite-ion\/"},"modified":"2026-04-03T11:54:12","modified_gmt":"2026-04-03T11:54:12","slug":"ignite-ion","status":"publish","type":"product","link":"https:\/\/www.g4ssafetysolutions.com\/be\/fr\/product\/ignite-ion\/","title":{"rendered":"Ignite Ion"},"content":{"rendered":"<p>Facile \u00e0 utiliser et avec une attention particuli\u00e8re au confort, l\u2019Ignite Ion peut \u00eatre utilis\u00e9 par un public tr\u00e8s large. Disponible en trois tailles diff\u00e9rentes pour le meilleur ajustement possible. <\/p>\n<p><a href=\"\u00bb[button\"  class=\"btn short-code\"><span>Demander un devis<\/span><\/a><\/p>\n","protected":false},"excerpt":{"rendered":"<p>Avec sa conception conviviale et son confort sup\u00e9rieur, l\u2019Ignite Ion convient \u00e0 presque tout le monde. Gr\u00e2ce au choix de trois tailles, vous \u00eates assur\u00e9 du meilleur ajustement possible. <\/p>\n","protected":false},"featured_media":1230,"comment_status":"open","ping_status":"closed","template":"","meta":{"_acf_changed":false,"inline_featured_image":false},"product_brand":[82],"product_cat":[115],"product_tag":[],"class_list":{"0":"post-2276","1":"product","2":"type-product","3":"status-publish","4":"has-post-thumbnail","6":"product_brand-skylotec","7":"product_cat-harnais-de-securite","9":"first","10":"instock","11":"shipping-taxable","12":"product-type-simple"},"acf":[],"_links":{"self":[{"href":"https:\/\/www.g4ssafetysolutions.com\/be\/fr\/wp-json\/wp\/v2\/product\/2276","targetHints":{"allow":["GET"]}}],"collection":[{"href":"https:\/\/www.g4ssafetysolutions.com\/be\/fr\/wp-json\/wp\/v2\/product"}],"about":[{"href":"https:\/\/www.g4ssafetysolutions.com\/be\/fr\/wp-json\/wp\/v2\/types\/product"}],"replies":[{"embeddable":true,"href":"https:\/\/www.g4ssafetysolutions.com\/be\/fr\/wp-json\/wp\/v2\/comments?post=2276"}],"wp:featuredmedia":[{"embeddable":true,"href":"https:\/\/www.g4ssafetysolutions.com\/be\/fr\/wp-json\/wp\/v2\/media\/1230"}],"wp:attachment":[{"href":"https:\/\/www.g4ssafetysolutions.com\/be\/fr\/wp-json\/wp\/v2\/media?parent=2276"}],"wp:term":[{"taxonomy":"product_brand","embeddable":true,"href":"https:\/\/www.g4ssafetysolutions.com\/be\/fr\/wp-json\/wp\/v2\/product_brand?post=2276"},{"taxonomy":"product_cat","embeddable":true,"href":"https:\/\/www.g4ssafetysolutions.com\/be\/fr\/wp-json\/wp\/v2\/product_cat?post=2276"},{"taxonomy":"product_tag","embeddable":true,"href":"https:\/\/www.g4ssafetysolutions.com\/be\/fr\/wp-json\/wp\/v2\/product_tag?post=2276"}],"curies":[{"name":"wp","href":"https:\/\/api.w.org\/{rel}","templated":true}]}}