{"id":2261,"date":"2025-12-12T10:41:02","date_gmt":"2025-12-12T10:41:02","guid":{"rendered":"https:\/\/www.g4ssafetysolutions.com\/be\/product\/bw-icon\/"},"modified":"2026-04-03T11:54:12","modified_gmt":"2026-04-03T11:54:12","slug":"bw-icon","status":"publish","type":"product","link":"https:\/\/www.g4ssafetysolutions.com\/be\/fr\/product\/bw-icon\/","title":{"rendered":"BW Icon"},"content":{"rendered":"<p>Le BW Icon de Honeywell est un d\u00e9tecteur 4 gaz avec une dur\u00e9e de vie fixe de 2 ans. Le d\u00e9tecteur de gaz mesure simultan\u00e9ment les quatre gaz les plus dangereux pour la sant\u00e9 : manque d\u2019oxyg\u00e8ne, intoxication toxique (H2S, CO) et risque d\u2019explosion.  <\/p>\n<p><a href=\"\u00bb\"  class=\"btn short-code\"><span>Demander un devis<\/span><\/a><\/p>\n","protected":false},"excerpt":{"rendered":"<p>Le BW Icon de Honeywell est un d\u00e9tecteur 4 gaz avec une dur\u00e9e de vie fixe de 2 ans. Le d\u00e9tecteur de gaz mesure simultan\u00e9ment les quatre gaz les plus dangereux pour la sant\u00e9. <\/p>\n","protected":false},"featured_media":1707,"comment_status":"open","ping_status":"closed","template":"","meta":{"_acf_changed":false,"inline_featured_image":false},"product_brand":[77],"product_cat":[127,116],"product_tag":[],"class_list":{"0":"post-2261","1":"product","2":"type-product","3":"status-publish","4":"has-post-thumbnail","6":"product_brand-honeywell","7":"product_cat-detecteur-multigaz","8":"product_cat-detection-de-gaz","10":"first","11":"instock","12":"shipping-taxable","13":"product-type-simple"},"acf":[],"_links":{"self":[{"href":"https:\/\/www.g4ssafetysolutions.com\/be\/fr\/wp-json\/wp\/v2\/product\/2261","targetHints":{"allow":["GET"]}}],"collection":[{"href":"https:\/\/www.g4ssafetysolutions.com\/be\/fr\/wp-json\/wp\/v2\/product"}],"about":[{"href":"https:\/\/www.g4ssafetysolutions.com\/be\/fr\/wp-json\/wp\/v2\/types\/product"}],"replies":[{"embeddable":true,"href":"https:\/\/www.g4ssafetysolutions.com\/be\/fr\/wp-json\/wp\/v2\/comments?post=2261"}],"wp:featuredmedia":[{"embeddable":true,"href":"https:\/\/www.g4ssafetysolutions.com\/be\/fr\/wp-json\/wp\/v2\/media\/1707"}],"wp:attachment":[{"href":"https:\/\/www.g4ssafetysolutions.com\/be\/fr\/wp-json\/wp\/v2\/media?parent=2261"}],"wp:term":[{"taxonomy":"product_brand","embeddable":true,"href":"https:\/\/www.g4ssafetysolutions.com\/be\/fr\/wp-json\/wp\/v2\/product_brand?post=2261"},{"taxonomy":"product_cat","embeddable":true,"href":"https:\/\/www.g4ssafetysolutions.com\/be\/fr\/wp-json\/wp\/v2\/product_cat?post=2261"},{"taxonomy":"product_tag","embeddable":true,"href":"https:\/\/www.g4ssafetysolutions.com\/be\/fr\/wp-json\/wp\/v2\/product_tag?post=2261"}],"curies":[{"name":"wp","href":"https:\/\/api.w.org\/{rel}","templated":true}]}}