{"id":2249,"date":"2025-12-12T10:54:17","date_gmt":"2025-12-12T10:54:17","guid":{"rendered":"https:\/\/www.g4ssafetysolutions.com\/be\/product\/mx6-pid\/"},"modified":"2026-04-03T11:54:10","modified_gmt":"2026-04-03T11:54:10","slug":"mx6-pid","status":"publish","type":"product","link":"https:\/\/www.g4ssafetysolutions.com\/be\/fr\/product\/mx6-pid\/","title":{"rendered":"MX6 PID"},"content":{"rendered":"<p>Le MX6 est le premier d\u00e9tecteur multigaz au monde dot\u00e9 d\u2019un \u00e9cran couleur LCD. Un appareil robuste et convivial permettant de d\u00e9tecter jusqu\u2019\u00e0 six gaz inflammables et substances toxiques diff\u00e9rents, y compris les compos\u00e9s organiques volatils (COV) jusqu\u2019\u00e0 2000 ppm. <\/p>\n<p><a href=\"\u00bb\"  class=\"btn short-code\"><span>Demander un devis<\/span><\/a><\/p>\n","protected":false},"excerpt":{"rendered":"<p><span>Le MX6 PID est un appareil robuste et convivial permettant de d\u00e9tecter jusqu\u2019\u00e0 six gaz inflammables et substances toxiques diff\u00e9rents, y compris les compos\u00e9s organiques volatils (COV) jusqu\u2019\u00e0 2000 ppm.<\/span><\/p>\n","protected":false},"featured_media":1714,"comment_status":"open","ping_status":"closed","template":"","meta":{"_acf_changed":false,"inline_featured_image":false},"product_brand":[78],"product_cat":[134,116],"product_tag":[],"class_list":{"0":"post-2249","1":"product","2":"type-product","3":"status-publish","4":"has-post-thumbnail","6":"product_brand-industrial-scientific","7":"product_cat-detecteur-pid","8":"product_cat-detection-de-gaz","10":"first","11":"instock","12":"shipping-taxable","13":"product-type-simple"},"acf":[],"_links":{"self":[{"href":"https:\/\/www.g4ssafetysolutions.com\/be\/fr\/wp-json\/wp\/v2\/product\/2249","targetHints":{"allow":["GET"]}}],"collection":[{"href":"https:\/\/www.g4ssafetysolutions.com\/be\/fr\/wp-json\/wp\/v2\/product"}],"about":[{"href":"https:\/\/www.g4ssafetysolutions.com\/be\/fr\/wp-json\/wp\/v2\/types\/product"}],"replies":[{"embeddable":true,"href":"https:\/\/www.g4ssafetysolutions.com\/be\/fr\/wp-json\/wp\/v2\/comments?post=2249"}],"wp:featuredmedia":[{"embeddable":true,"href":"https:\/\/www.g4ssafetysolutions.com\/be\/fr\/wp-json\/wp\/v2\/media\/1714"}],"wp:attachment":[{"href":"https:\/\/www.g4ssafetysolutions.com\/be\/fr\/wp-json\/wp\/v2\/media?parent=2249"}],"wp:term":[{"taxonomy":"product_brand","embeddable":true,"href":"https:\/\/www.g4ssafetysolutions.com\/be\/fr\/wp-json\/wp\/v2\/product_brand?post=2249"},{"taxonomy":"product_cat","embeddable":true,"href":"https:\/\/www.g4ssafetysolutions.com\/be\/fr\/wp-json\/wp\/v2\/product_cat?post=2249"},{"taxonomy":"product_tag","embeddable":true,"href":"https:\/\/www.g4ssafetysolutions.com\/be\/fr\/wp-json\/wp\/v2\/product_tag?post=2249"}],"curies":[{"name":"wp","href":"https:\/\/api.w.org\/{rel}","templated":true}]}}