{"id":2248,"date":"2025-12-12T09:52:34","date_gmt":"2025-12-12T09:52:34","guid":{"rendered":"https:\/\/www.g4ssafetysolutions.com\/be\/product\/bw-clip-3-ans\/"},"modified":"2026-04-03T11:54:10","modified_gmt":"2026-04-03T11:54:10","slug":"bw-clip-3-ans","status":"publish","type":"product","link":"https:\/\/www.g4ssafetysolutions.com\/be\/fr\/product\/bw-clip-3-ans\/","title":{"rendered":"BW Clip (3 ans)"},"content":{"rendered":"<p>Le BW Clip avec une dur\u00e9e de vie de 3 ans est enti\u00e8rement sans entretien. Sans aucune intervention, ce d\u00e9tecteur monogaz offre la m\u00eame s\u00e9curit\u00e9 que d&rsquo;autres appareils, avec une conception conviviale. <\/p>\n<p><a href=\"#section-2\"  class=\"btn short-code\"><span>Demander un devis<\/span><\/a><\/p>\n","protected":false},"excerpt":{"rendered":"<p>Le <b>BW Clip<\/b> est un d\u00e9tecteur monogaz convivial et sans entretien, avec une dur\u00e9e de vie de 3 ans, offrant la m\u00eame fiabilit\u00e9 que les autres appareils de d\u00e9tection de gaz.<\/p>\n","protected":false},"featured_media":1699,"comment_status":"open","ping_status":"closed","template":"","meta":{"_acf_changed":false,"inline_featured_image":false},"product_brand":[77],"product_cat":[120,116],"product_tag":[],"class_list":{"0":"post-2248","1":"product","2":"type-product","3":"status-publish","4":"has-post-thumbnail","6":"product_brand-honeywell","7":"product_cat-detecteur-monogaz","8":"product_cat-detection-de-gaz","10":"first","11":"instock","12":"shipping-taxable","13":"product-type-simple"},"acf":[],"_links":{"self":[{"href":"https:\/\/www.g4ssafetysolutions.com\/be\/fr\/wp-json\/wp\/v2\/product\/2248","targetHints":{"allow":["GET"]}}],"collection":[{"href":"https:\/\/www.g4ssafetysolutions.com\/be\/fr\/wp-json\/wp\/v2\/product"}],"about":[{"href":"https:\/\/www.g4ssafetysolutions.com\/be\/fr\/wp-json\/wp\/v2\/types\/product"}],"replies":[{"embeddable":true,"href":"https:\/\/www.g4ssafetysolutions.com\/be\/fr\/wp-json\/wp\/v2\/comments?post=2248"}],"wp:featuredmedia":[{"embeddable":true,"href":"https:\/\/www.g4ssafetysolutions.com\/be\/fr\/wp-json\/wp\/v2\/media\/1699"}],"wp:attachment":[{"href":"https:\/\/www.g4ssafetysolutions.com\/be\/fr\/wp-json\/wp\/v2\/media?parent=2248"}],"wp:term":[{"taxonomy":"product_brand","embeddable":true,"href":"https:\/\/www.g4ssafetysolutions.com\/be\/fr\/wp-json\/wp\/v2\/product_brand?post=2248"},{"taxonomy":"product_cat","embeddable":true,"href":"https:\/\/www.g4ssafetysolutions.com\/be\/fr\/wp-json\/wp\/v2\/product_cat?post=2248"},{"taxonomy":"product_tag","embeddable":true,"href":"https:\/\/www.g4ssafetysolutions.com\/be\/fr\/wp-json\/wp\/v2\/product_tag?post=2248"}],"curies":[{"name":"wp","href":"https:\/\/api.w.org\/{rel}","templated":true}]}}