{"id":2244,"date":"2025-12-12T11:09:13","date_gmt":"2025-12-12T11:09:13","guid":{"rendered":"https:\/\/www.g4ssafetysolutions.com\/be\/product\/appareil-respiratoire-isolant-m1\/"},"modified":"2026-04-03T11:54:07","modified_gmt":"2026-04-03T11:54:07","slug":"appareil-respiratoire-isolant-m1","status":"publish","type":"product","link":"https:\/\/www.g4ssafetysolutions.com\/be\/fr\/product\/appareil-respiratoire-isolant-m1\/","title":{"rendered":"Appareil respiratoire isolant M1"},"content":{"rendered":"<p>Le M1 est un appareil respiratoire isolant avanc\u00e9 et ergonomique. Gr\u00e2ce \u00e0 sa conception modulaire, il peut toujours \u00eatre mis \u00e0 niveau ult\u00e9rieurement. Commandez ainsi un ensemble respiratoire sur mesure selon l\u2019utilisateur et l\u2019application. Il vous manque certaines fonctionnalit\u00e9s ? N\u2019h\u00e9sitez pas \u00e0 nous contacter pour examiner un appareil sur mesure.    <\/p>\n<p><a href=\"\u00bb\"  class=\"btn short-code\"><span>Demander un devis<\/span><\/a><\/p>\n","protected":false},"excerpt":{"rendered":"<p><span>Le M1 est un appareil respiratoire isolant avanc\u00e9 et ergonomique. <\/span><\/p>\n","protected":false},"featured_media":1716,"comment_status":"open","ping_status":"closed","template":"","meta":{"_acf_changed":false,"inline_featured_image":false},"product_brand":[79],"product_cat":[125,121],"product_tag":[],"class_list":{"0":"post-2244","1":"product","2":"type-product","3":"status-publish","4":"has-post-thumbnail","6":"product_brand-msa-safety","7":"product_cat-appareils-respiratoires","8":"product_cat-protection-respiratoire","10":"first","11":"instock","12":"shipping-taxable","13":"product-type-simple"},"acf":[],"_links":{"self":[{"href":"https:\/\/www.g4ssafetysolutions.com\/be\/fr\/wp-json\/wp\/v2\/product\/2244","targetHints":{"allow":["GET"]}}],"collection":[{"href":"https:\/\/www.g4ssafetysolutions.com\/be\/fr\/wp-json\/wp\/v2\/product"}],"about":[{"href":"https:\/\/www.g4ssafetysolutions.com\/be\/fr\/wp-json\/wp\/v2\/types\/product"}],"replies":[{"embeddable":true,"href":"https:\/\/www.g4ssafetysolutions.com\/be\/fr\/wp-json\/wp\/v2\/comments?post=2244"}],"wp:featuredmedia":[{"embeddable":true,"href":"https:\/\/www.g4ssafetysolutions.com\/be\/fr\/wp-json\/wp\/v2\/media\/1716"}],"wp:attachment":[{"href":"https:\/\/www.g4ssafetysolutions.com\/be\/fr\/wp-json\/wp\/v2\/media?parent=2244"}],"wp:term":[{"taxonomy":"product_brand","embeddable":true,"href":"https:\/\/www.g4ssafetysolutions.com\/be\/fr\/wp-json\/wp\/v2\/product_brand?post=2244"},{"taxonomy":"product_cat","embeddable":true,"href":"https:\/\/www.g4ssafetysolutions.com\/be\/fr\/wp-json\/wp\/v2\/product_cat?post=2244"},{"taxonomy":"product_tag","embeddable":true,"href":"https:\/\/www.g4ssafetysolutions.com\/be\/fr\/wp-json\/wp\/v2\/product_tag?post=2244"}],"curies":[{"name":"wp","href":"https:\/\/api.w.org\/{rel}","templated":true}]}}