{"id":2243,"date":"2025-12-12T12:17:43","date_gmt":"2025-12-12T12:17:43","guid":{"rendered":"https:\/\/www.g4ssafetysolutions.com\/be\/product\/boitier-de-rangement-universel-advantage\/"},"modified":"2026-04-03T11:54:07","modified_gmt":"2026-04-03T11:54:07","slug":"boitier-de-rangement-universel-advantage","status":"publish","type":"product","link":"https:\/\/www.g4ssafetysolutions.com\/be\/fr\/product\/boitier-de-rangement-universel-advantage\/","title":{"rendered":"Bo\u00eetier de rangement universel Advantage"},"content":{"rendered":"<p><span>Le bo\u00eetier de rangement est en plastique et aide \u00e0 prot\u00e9ger votre demi-masque ou masque complet. Il est \u00e9quip\u00e9 d\u2019une fixation murale. Une bande velcro est fix\u00e9e sur le dessus pour permettre la fixation de filtres de type ba\u00efonnette.  <\/span><\/p>\n<p><a href=\"\u00bb\"  class=\"btn short-code\"><span>Demander un devis<\/span><\/a><\/p>\n","protected":false},"excerpt":{"rendered":"<p>Bo\u00eetier de rangement universel Advantage<\/p>\n","protected":false},"featured_media":0,"comment_status":"open","ping_status":"closed","template":"","meta":{"_acf_changed":false,"inline_featured_image":false},"product_brand":[],"product_cat":[132,121],"product_tag":[],"class_list":{"0":"post-2243","1":"product","2":"type-product","3":"status-publish","5":"product_cat-accessoires","6":"product_cat-protection-respiratoire","8":"first","9":"instock","10":"shipping-taxable","11":"product-type-simple"},"acf":[],"_links":{"self":[{"href":"https:\/\/www.g4ssafetysolutions.com\/be\/fr\/wp-json\/wp\/v2\/product\/2243","targetHints":{"allow":["GET"]}}],"collection":[{"href":"https:\/\/www.g4ssafetysolutions.com\/be\/fr\/wp-json\/wp\/v2\/product"}],"about":[{"href":"https:\/\/www.g4ssafetysolutions.com\/be\/fr\/wp-json\/wp\/v2\/types\/product"}],"replies":[{"embeddable":true,"href":"https:\/\/www.g4ssafetysolutions.com\/be\/fr\/wp-json\/wp\/v2\/comments?post=2243"}],"wp:attachment":[{"href":"https:\/\/www.g4ssafetysolutions.com\/be\/fr\/wp-json\/wp\/v2\/media?parent=2243"}],"wp:term":[{"taxonomy":"product_brand","embeddable":true,"href":"https:\/\/www.g4ssafetysolutions.com\/be\/fr\/wp-json\/wp\/v2\/product_brand?post=2243"},{"taxonomy":"product_cat","embeddable":true,"href":"https:\/\/www.g4ssafetysolutions.com\/be\/fr\/wp-json\/wp\/v2\/product_cat?post=2243"},{"taxonomy":"product_tag","embeddable":true,"href":"https:\/\/www.g4ssafetysolutions.com\/be\/fr\/wp-json\/wp\/v2\/product_tag?post=2243"}],"curies":[{"name":"wp","href":"https:\/\/api.w.org\/{rel}","templated":true}]}}