{"id":2239,"date":"2025-12-12T12:20:50","date_gmt":"2025-12-12T12:20:50","guid":{"rendered":"https:\/\/www.g4ssafetysolutions.com\/be\/product\/soupape-a-la-demande-automaxx\/"},"modified":"2026-04-03T11:54:06","modified_gmt":"2026-04-03T11:54:06","slug":"soupape-a-la-demande-automaxx","status":"publish","type":"product","link":"https:\/\/www.g4ssafetysolutions.com\/be\/fr\/product\/soupape-a-la-demande-automaxx\/","title":{"rendered":"Soupape \u00e0 la demande AutoMaXX"},"content":{"rendered":"<p><span>La soupape \u00e0 la demande AutoMaXX de MSA allie protection et confort. Facile \u00e0 utiliser, quasiment sans entretien et fiable en toute situation. <\/span><\/p>\n<p><a href=\"\u00bb\"  class=\"btn short-code\"><span>Demander un devis pour la location<\/span><\/a><\/p>\n","protected":false},"excerpt":{"rendered":"<p><span>La soupape \u00e0 la demande AutoMaXX de MSA allie protection et confort. Facile \u00e0 utiliser, quasiment sans entretien et fiable en toute situation. <\/span><\/p>\n","protected":false},"featured_media":1742,"comment_status":"open","ping_status":"closed","template":"","meta":{"_acf_changed":false,"inline_featured_image":false},"product_brand":[79],"product_cat":[132,121],"product_tag":[],"class_list":{"0":"post-2239","1":"product","2":"type-product","3":"status-publish","4":"has-post-thumbnail","6":"product_brand-msa-safety","7":"product_cat-accessoires","8":"product_cat-protection-respiratoire","10":"first","11":"instock","12":"shipping-taxable","13":"product-type-simple"},"acf":[],"_links":{"self":[{"href":"https:\/\/www.g4ssafetysolutions.com\/be\/fr\/wp-json\/wp\/v2\/product\/2239","targetHints":{"allow":["GET"]}}],"collection":[{"href":"https:\/\/www.g4ssafetysolutions.com\/be\/fr\/wp-json\/wp\/v2\/product"}],"about":[{"href":"https:\/\/www.g4ssafetysolutions.com\/be\/fr\/wp-json\/wp\/v2\/types\/product"}],"replies":[{"embeddable":true,"href":"https:\/\/www.g4ssafetysolutions.com\/be\/fr\/wp-json\/wp\/v2\/comments?post=2239"}],"wp:featuredmedia":[{"embeddable":true,"href":"https:\/\/www.g4ssafetysolutions.com\/be\/fr\/wp-json\/wp\/v2\/media\/1742"}],"wp:attachment":[{"href":"https:\/\/www.g4ssafetysolutions.com\/be\/fr\/wp-json\/wp\/v2\/media?parent=2239"}],"wp:term":[{"taxonomy":"product_brand","embeddable":true,"href":"https:\/\/www.g4ssafetysolutions.com\/be\/fr\/wp-json\/wp\/v2\/product_brand?post=2239"},{"taxonomy":"product_cat","embeddable":true,"href":"https:\/\/www.g4ssafetysolutions.com\/be\/fr\/wp-json\/wp\/v2\/product_cat?post=2239"},{"taxonomy":"product_tag","embeddable":true,"href":"https:\/\/www.g4ssafetysolutions.com\/be\/fr\/wp-json\/wp\/v2\/product_tag?post=2239"}],"curies":[{"name":"wp","href":"https:\/\/api.w.org\/{rel}","templated":true}]}}