{"id":2229,"date":"2025-12-12T12:41:04","date_gmt":"2025-12-12T12:41:04","guid":{"rendered":"https:\/\/www.g4ssafetysolutions.com\/be\/product\/portacount-8040-8048\/"},"modified":"2026-04-03T11:54:05","modified_gmt":"2026-04-03T11:54:05","slug":"portacount-8040-8048","status":"publish","type":"product","link":"https:\/\/www.g4ssafetysolutions.com\/be\/fr\/product\/portacount-8040-8048\/","title":{"rendered":"PortaCount 8040\/8048"},"content":{"rendered":"<p>Le PortaCount permet de r\u00e9aliser un \u00ab&nbsp;fit test&nbsp;\u00bb. Il v\u00e9rifie que le masque respiratoire est parfaitement \u00e9tanche et utilis\u00e9 correctement. Un indispensable pour quiconque travaille avec une protection respiratoire.  <\/p>\n<p><a href=\"\u00bb\"  class=\"btn short-code\"><span>Demander un devis<\/span><\/a><\/p>\n","protected":false},"excerpt":{"rendered":"<p><span>Le PortaCount permet de r\u00e9aliser un \u00ab&nbsp;fit test&nbsp;\u00bb. Il v\u00e9rifie que le masque respiratoire est parfaitement \u00e9tanche et utilis\u00e9 correctement. Un indispensable pour quiconque travaille avec une protection respiratoire.  <\/span><\/p>\n","protected":false},"featured_media":1758,"comment_status":"open","ping_status":"closed","template":"","meta":{"_acf_changed":false,"inline_featured_image":false},"product_brand":[92],"product_cat":[132,121],"product_tag":[],"class_list":{"0":"post-2229","1":"product","2":"type-product","3":"status-publish","4":"has-post-thumbnail","6":"product_brand-tsi","7":"product_cat-accessoires","8":"product_cat-protection-respiratoire","10":"first","11":"instock","12":"shipping-taxable","13":"product-type-simple"},"acf":[],"_links":{"self":[{"href":"https:\/\/www.g4ssafetysolutions.com\/be\/fr\/wp-json\/wp\/v2\/product\/2229","targetHints":{"allow":["GET"]}}],"collection":[{"href":"https:\/\/www.g4ssafetysolutions.com\/be\/fr\/wp-json\/wp\/v2\/product"}],"about":[{"href":"https:\/\/www.g4ssafetysolutions.com\/be\/fr\/wp-json\/wp\/v2\/types\/product"}],"replies":[{"embeddable":true,"href":"https:\/\/www.g4ssafetysolutions.com\/be\/fr\/wp-json\/wp\/v2\/comments?post=2229"}],"wp:featuredmedia":[{"embeddable":true,"href":"https:\/\/www.g4ssafetysolutions.com\/be\/fr\/wp-json\/wp\/v2\/media\/1758"}],"wp:attachment":[{"href":"https:\/\/www.g4ssafetysolutions.com\/be\/fr\/wp-json\/wp\/v2\/media?parent=2229"}],"wp:term":[{"taxonomy":"product_brand","embeddable":true,"href":"https:\/\/www.g4ssafetysolutions.com\/be\/fr\/wp-json\/wp\/v2\/product_brand?post=2229"},{"taxonomy":"product_cat","embeddable":true,"href":"https:\/\/www.g4ssafetysolutions.com\/be\/fr\/wp-json\/wp\/v2\/product_cat?post=2229"},{"taxonomy":"product_tag","embeddable":true,"href":"https:\/\/www.g4ssafetysolutions.com\/be\/fr\/wp-json\/wp\/v2\/product_tag?post=2229"}],"curies":[{"name":"wp","href":"https:\/\/api.w.org\/{rel}","templated":true}]}}