{"id":2182,"date":"2025-12-15T06:46:31","date_gmt":"2025-12-15T06:46:31","guid":{"rendered":"https:\/\/www.g4ssafetysolutions.com\/be\/product\/antichute-a-rappel-automatique-fab-15-metres\/"},"modified":"2026-04-03T11:53:53","modified_gmt":"2026-04-03T11:53:53","slug":"antichute-a-rappel-automatique-fab-15-metres","status":"publish","type":"product","link":"https:\/\/www.g4ssafetysolutions.com\/be\/fr\/product\/antichute-a-rappel-automatique-fab-15-metres\/","title":{"rendered":"Antichute \u00e0 rappel automatique FAB 15 m\u00e8tres"},"content":{"rendered":"<p>L\u2019antichute \u00e0 rappel automatique FAB allie libert\u00e9 de mouvement et protection en un seul produit. Disponible avec une longueur de c\u00e2ble de 15 m\u00e8tres. <\/p>\n<p><a href=\"\u00bb\"  class=\"btn short-code\"><span>Demander un devis<\/span><\/a><\/p>\n","protected":false},"excerpt":{"rendered":"<div class=\"desktop-7 tablet-3 phone-2\">\n<div class=\"desktop-7 tablet-3 phone-2\">\n<div class=\"desktop-7 tablet-3 phone-2\">\n<p>L\u2019antichute \u00e0 rappel automatique FAB allie libert\u00e9 de mouvement et protection en un seul produit. Disponible avec une longueur de c\u00e2ble de 15 m\u00e8tres. <\/p>\n<\/div>\n<\/div>\n<\/div>\n","protected":false},"featured_media":1865,"comment_status":"open","ping_status":"closed","template":"","meta":{"_acf_changed":false,"inline_featured_image":false},"product_brand":[95],"product_cat":[128,118],"product_tag":[],"class_list":{"0":"post-2182","1":"product","2":"type-product","3":"status-publish","4":"has-post-thumbnail","6":"product_brand-honor","7":"product_cat-antichutes-a-rappel-automatique-et-treuils","8":"product_cat-protection-antichute","10":"first","11":"instock","12":"shipping-taxable","13":"product-type-simple"},"acf":[],"_links":{"self":[{"href":"https:\/\/www.g4ssafetysolutions.com\/be\/fr\/wp-json\/wp\/v2\/product\/2182","targetHints":{"allow":["GET"]}}],"collection":[{"href":"https:\/\/www.g4ssafetysolutions.com\/be\/fr\/wp-json\/wp\/v2\/product"}],"about":[{"href":"https:\/\/www.g4ssafetysolutions.com\/be\/fr\/wp-json\/wp\/v2\/types\/product"}],"replies":[{"embeddable":true,"href":"https:\/\/www.g4ssafetysolutions.com\/be\/fr\/wp-json\/wp\/v2\/comments?post=2182"}],"wp:featuredmedia":[{"embeddable":true,"href":"https:\/\/www.g4ssafetysolutions.com\/be\/fr\/wp-json\/wp\/v2\/media\/1865"}],"wp:attachment":[{"href":"https:\/\/www.g4ssafetysolutions.com\/be\/fr\/wp-json\/wp\/v2\/media?parent=2182"}],"wp:term":[{"taxonomy":"product_brand","embeddable":true,"href":"https:\/\/www.g4ssafetysolutions.com\/be\/fr\/wp-json\/wp\/v2\/product_brand?post=2182"},{"taxonomy":"product_cat","embeddable":true,"href":"https:\/\/www.g4ssafetysolutions.com\/be\/fr\/wp-json\/wp\/v2\/product_cat?post=2182"},{"taxonomy":"product_tag","embeddable":true,"href":"https:\/\/www.g4ssafetysolutions.com\/be\/fr\/wp-json\/wp\/v2\/product_tag?post=2182"}],"curies":[{"name":"wp","href":"https:\/\/api.w.org\/{rel}","templated":true}]}}