{"id":2078,"date":"2025-12-15T07:14:36","date_gmt":"2025-12-15T07:14:36","guid":{"rendered":"https:\/\/www.g4ssafetysolutions.com\/be\/product\/trepied\/"},"modified":"2026-04-03T09:22:36","modified_gmt":"2026-04-03T09:22:36","slug":"trepied","status":"publish","type":"product","link":"https:\/\/www.g4ssafetysolutions.com\/be\/fr\/product\/trepied\/","title":{"rendered":"Tr\u00e9pied"},"content":{"rendered":"<p>Tr\u00e9pied avec \u0153illets d\u2019ancrage pivotants pour multiples fonctions de s\u00e9curit\u00e9 et pieds r\u00e9glables de mani\u00e8re t\u00e9lescopique.<\/p>\n<p><a href=\"\u00bb\"  class=\"btn short-code\"><span>Demander un devis<\/span><\/a><\/p>\n","protected":false},"excerpt":{"rendered":"<div class=\"desktop-7 tablet-3 phone-2\">\n<div class=\"desktop-7 tablet-3 phone-2\">\n<div class=\"desktop-7 tablet-3 phone-2\">\n<p><span>Tr\u00e9pied avec \u0153illets d\u2019ancrage pivotants pour multiples fonctions de s\u00e9curit\u00e9 et pieds r\u00e9glables de mani\u00e8re t\u00e9lescopique.<\/span><\/p>\n<\/div>\n<\/div>\n<\/div>\n","protected":false},"featured_media":1884,"comment_status":"open","ping_status":"closed","template":"","meta":{"_acf_changed":false,"inline_featured_image":false},"product_brand":[95],"product_cat":[118,126],"product_tag":[],"class_list":{"0":"post-2078","1":"product","2":"type-product","3":"status-publish","4":"has-post-thumbnail","6":"product_brand-honor","7":"product_cat-protection-antichute","8":"product_cat-systemes-dacces-et-devacuation","10":"first","11":"instock","12":"shipping-taxable","13":"product-type-simple"},"acf":[],"_links":{"self":[{"href":"https:\/\/www.g4ssafetysolutions.com\/be\/fr\/wp-json\/wp\/v2\/product\/2078","targetHints":{"allow":["GET"]}}],"collection":[{"href":"https:\/\/www.g4ssafetysolutions.com\/be\/fr\/wp-json\/wp\/v2\/product"}],"about":[{"href":"https:\/\/www.g4ssafetysolutions.com\/be\/fr\/wp-json\/wp\/v2\/types\/product"}],"replies":[{"embeddable":true,"href":"https:\/\/www.g4ssafetysolutions.com\/be\/fr\/wp-json\/wp\/v2\/comments?post=2078"}],"wp:featuredmedia":[{"embeddable":true,"href":"https:\/\/www.g4ssafetysolutions.com\/be\/fr\/wp-json\/wp\/v2\/media\/1884"}],"wp:attachment":[{"href":"https:\/\/www.g4ssafetysolutions.com\/be\/fr\/wp-json\/wp\/v2\/media?parent=2078"}],"wp:term":[{"taxonomy":"product_brand","embeddable":true,"href":"https:\/\/www.g4ssafetysolutions.com\/be\/fr\/wp-json\/wp\/v2\/product_brand?post=2078"},{"taxonomy":"product_cat","embeddable":true,"href":"https:\/\/www.g4ssafetysolutions.com\/be\/fr\/wp-json\/wp\/v2\/product_cat?post=2078"},{"taxonomy":"product_tag","embeddable":true,"href":"https:\/\/www.g4ssafetysolutions.com\/be\/fr\/wp-json\/wp\/v2\/product_tag?post=2078"}],"curies":[{"name":"wp","href":"https:\/\/api.w.org\/{rel}","templated":true}]}}