{"id":2076,"date":"2026-01-13T14:59:42","date_gmt":"2026-01-13T14:59:42","guid":{"rendered":"https:\/\/www.g4ssafetysolutions.com\/be\/product\/msa-scba-g1\/"},"modified":"2026-04-03T09:22:35","modified_gmt":"2026-04-03T09:22:35","slug":"msa-scba-g1","status":"publish","type":"product","link":"https:\/\/www.g4ssafetysolutions.com\/be\/fr\/product\/msa-scba-g1\/","title":{"rendered":"MSA SCBA G1"},"content":{"rendered":"<p>L\u2019ARI G1 offre aux premiers intervenants une fiabilit\u00e9 maximale gr\u00e2ce \u00e0 une conception holistique enti\u00e8rement int\u00e9gr\u00e9e qui combine harmonieusement toutes les fonctions essentielles \u2014 y compris la cam\u00e9ra thermique optionnelle \u2014 pour des performances de pointe dans les conditions les plus difficiles.<\/p>\n<p><a href=\"\u00bb\"  class=\"btn short-code\"><span>Demander un devis<\/span><\/a><\/p>\n","protected":false},"excerpt":{"rendered":"<div class=\"desktop-7 tablet-3 phone-2\">\n<div class=\"desktop-7 tablet-3 phone-2\">\n<div class=\"desktop-7 tablet-3 phone-2\">\n<p>L\u2019ARI MSA G1 offre aux premiers intervenants une fiabilit\u00e9 maximale gr\u00e2ce \u00e0 une conception holistique enti\u00e8rement int\u00e9gr\u00e9e qui combine harmonieusement toutes les fonctions essentielles \u2014 y compris la cam\u00e9ra thermique optionnelle \u2014 pour des performances de pointe dans les conditions les plus difficiles.<\/p>\n<\/div>\n<\/div>\n<\/div>\n","protected":false},"featured_media":1923,"comment_status":"open","ping_status":"closed","template":"","meta":{"_acf_changed":false,"inline_featured_image":false},"product_brand":[79],"product_cat":[125,121],"product_tag":[],"class_list":{"0":"post-2076","1":"product","2":"type-product","3":"status-publish","4":"has-post-thumbnail","6":"product_brand-msa-safety","7":"product_cat-appareils-respiratoires","8":"product_cat-protection-respiratoire","10":"first","11":"instock","12":"shipping-taxable","13":"product-type-simple"},"acf":[],"_links":{"self":[{"href":"https:\/\/www.g4ssafetysolutions.com\/be\/fr\/wp-json\/wp\/v2\/product\/2076","targetHints":{"allow":["GET"]}}],"collection":[{"href":"https:\/\/www.g4ssafetysolutions.com\/be\/fr\/wp-json\/wp\/v2\/product"}],"about":[{"href":"https:\/\/www.g4ssafetysolutions.com\/be\/fr\/wp-json\/wp\/v2\/types\/product"}],"replies":[{"embeddable":true,"href":"https:\/\/www.g4ssafetysolutions.com\/be\/fr\/wp-json\/wp\/v2\/comments?post=2076"}],"wp:featuredmedia":[{"embeddable":true,"href":"https:\/\/www.g4ssafetysolutions.com\/be\/fr\/wp-json\/wp\/v2\/media\/1923"}],"wp:attachment":[{"href":"https:\/\/www.g4ssafetysolutions.com\/be\/fr\/wp-json\/wp\/v2\/media?parent=2076"}],"wp:term":[{"taxonomy":"product_brand","embeddable":true,"href":"https:\/\/www.g4ssafetysolutions.com\/be\/fr\/wp-json\/wp\/v2\/product_brand?post=2076"},{"taxonomy":"product_cat","embeddable":true,"href":"https:\/\/www.g4ssafetysolutions.com\/be\/fr\/wp-json\/wp\/v2\/product_cat?post=2076"},{"taxonomy":"product_tag","embeddable":true,"href":"https:\/\/www.g4ssafetysolutions.com\/be\/fr\/wp-json\/wp\/v2\/product_tag?post=2076"}],"curies":[{"name":"wp","href":"https:\/\/api.w.org\/{rel}","templated":true}]}}