{"id":2063,"date":"2025-12-15T07:07:11","date_gmt":"2025-12-15T07:07:11","guid":{"rendered":"https:\/\/www.g4ssafetysolutions.com\/be\/product\/milan-2-0\/"},"modified":"2026-04-03T09:19:09","modified_gmt":"2026-04-03T09:19:09","slug":"milan-2-0","status":"publish","type":"product","link":"https:\/\/www.g4ssafetysolutions.com\/be\/fr\/product\/milan-2-0\/","title":{"rendered":"Milan 2.0"},"content":{"rendered":"<p>Le Milan 2.0 est un appareil de sauvetage pour l\u2019auto-\u00e9vacuation ou celle d\u2019une victime. Il permet une descente s\u00fbre et contr\u00f4l\u00e9e pour deux personnes \u00e0 la fois. <\/p>\n<p><a href=\"\u00bb\"  class=\"btn short-code\"><span>Demander un devis<\/span><\/a><\/p>\n","protected":false},"excerpt":{"rendered":"<div class=\"desktop-7 tablet-3 phone-2\">\n<div class=\"desktop-7 tablet-3 phone-2\">\n<div class=\"desktop-7 tablet-3 phone-2\">\n<p><span>Le Milan 2.0 est un appareil de sauvetage pour l\u2019auto-\u00e9vacuation ou celle d\u2019une victime. Il permet une descente s\u00fbre et contr\u00f4l\u00e9e pour deux personnes \u00e0 la fois. <\/span><\/p>\n<\/div>\n<\/div>\n<\/div>\n","protected":false},"featured_media":1879,"comment_status":"open","ping_status":"closed","template":"","meta":{"_acf_changed":false,"inline_featured_image":false},"product_brand":[82],"product_cat":[119,118],"product_tag":[],"class_list":{"0":"post-2063","1":"product","2":"type-product","3":"status-publish","4":"has-post-thumbnail","6":"product_brand-skylotec","7":"product_cat-descendeurs-et-treuils-de-sauvetage","8":"product_cat-protection-antichute","10":"first","11":"instock","12":"shipping-taxable","13":"product-type-simple"},"acf":[],"_links":{"self":[{"href":"https:\/\/www.g4ssafetysolutions.com\/be\/fr\/wp-json\/wp\/v2\/product\/2063","targetHints":{"allow":["GET"]}}],"collection":[{"href":"https:\/\/www.g4ssafetysolutions.com\/be\/fr\/wp-json\/wp\/v2\/product"}],"about":[{"href":"https:\/\/www.g4ssafetysolutions.com\/be\/fr\/wp-json\/wp\/v2\/types\/product"}],"replies":[{"embeddable":true,"href":"https:\/\/www.g4ssafetysolutions.com\/be\/fr\/wp-json\/wp\/v2\/comments?post=2063"}],"wp:featuredmedia":[{"embeddable":true,"href":"https:\/\/www.g4ssafetysolutions.com\/be\/fr\/wp-json\/wp\/v2\/media\/1879"}],"wp:attachment":[{"href":"https:\/\/www.g4ssafetysolutions.com\/be\/fr\/wp-json\/wp\/v2\/media?parent=2063"}],"wp:term":[{"taxonomy":"product_brand","embeddable":true,"href":"https:\/\/www.g4ssafetysolutions.com\/be\/fr\/wp-json\/wp\/v2\/product_brand?post=2063"},{"taxonomy":"product_cat","embeddable":true,"href":"https:\/\/www.g4ssafetysolutions.com\/be\/fr\/wp-json\/wp\/v2\/product_cat?post=2063"},{"taxonomy":"product_tag","embeddable":true,"href":"https:\/\/www.g4ssafetysolutions.com\/be\/fr\/wp-json\/wp\/v2\/product_tag?post=2063"}],"curies":[{"name":"wp","href":"https:\/\/api.w.org\/{rel}","templated":true}]}}