{"id":2060,"date":"2025-12-15T07:10:05","date_gmt":"2025-12-15T07:10:05","guid":{"rendered":"https:\/\/www.g4ssafetysolutions.com\/be\/product\/treuil-pour-personnes-mrw\/"},"modified":"2026-04-03T09:19:08","modified_gmt":"2026-04-03T09:19:08","slug":"treuil-pour-personnes-mrw","status":"publish","type":"product","link":"https:\/\/www.g4ssafetysolutions.com\/be\/fr\/product\/treuil-pour-personnes-mrw\/","title":{"rendered":"Treuil pour personnes MRW"},"content":{"rendered":"<p>Le treuil pour personnes MRW est utilis\u00e9 pour la descente et le levage contr\u00f4l\u00e9s de personnes, et est \u00e9quip\u00e9 d\u2019un frein de chute int\u00e9gr\u00e9 qui r\u00e9duit la force d\u2019impact au minimum.<\/p>\n<p><a href=\"\u00bb\"  class=\"btn short-code\"><span>Demander un devis<\/span><\/a><\/p>\n","protected":false},"excerpt":{"rendered":"<div class=\"desktop-7 tablet-3 phone-2\">\n<div class=\"desktop-7 tablet-3 phone-2\">\n<div class=\"desktop-7 tablet-3 phone-2\">\n<p><span>Le treuil pour personnes MRW est utilis\u00e9 pour la descente et le levage contr\u00f4l\u00e9s de personnes, et est \u00e9quip\u00e9 d\u2019un frein de chute int\u00e9gr\u00e9 qui r\u00e9duit la force d\u2019impact au minimum.<\/span><\/p>\n<\/div>\n<\/div>\n<\/div>\n","protected":false},"featured_media":1881,"comment_status":"open","ping_status":"closed","template":"","meta":{"_acf_changed":false,"inline_featured_image":false},"product_brand":[95],"product_cat":[119,118],"product_tag":[],"class_list":{"0":"post-2060","1":"product","2":"type-product","3":"status-publish","4":"has-post-thumbnail","6":"product_brand-honor","7":"product_cat-descendeurs-et-treuils-de-sauvetage","8":"product_cat-protection-antichute","10":"first","11":"instock","12":"shipping-taxable","13":"product-type-simple"},"acf":[],"_links":{"self":[{"href":"https:\/\/www.g4ssafetysolutions.com\/be\/fr\/wp-json\/wp\/v2\/product\/2060","targetHints":{"allow":["GET"]}}],"collection":[{"href":"https:\/\/www.g4ssafetysolutions.com\/be\/fr\/wp-json\/wp\/v2\/product"}],"about":[{"href":"https:\/\/www.g4ssafetysolutions.com\/be\/fr\/wp-json\/wp\/v2\/types\/product"}],"replies":[{"embeddable":true,"href":"https:\/\/www.g4ssafetysolutions.com\/be\/fr\/wp-json\/wp\/v2\/comments?post=2060"}],"wp:featuredmedia":[{"embeddable":true,"href":"https:\/\/www.g4ssafetysolutions.com\/be\/fr\/wp-json\/wp\/v2\/media\/1881"}],"wp:attachment":[{"href":"https:\/\/www.g4ssafetysolutions.com\/be\/fr\/wp-json\/wp\/v2\/media?parent=2060"}],"wp:term":[{"taxonomy":"product_brand","embeddable":true,"href":"https:\/\/www.g4ssafetysolutions.com\/be\/fr\/wp-json\/wp\/v2\/product_brand?post=2060"},{"taxonomy":"product_cat","embeddable":true,"href":"https:\/\/www.g4ssafetysolutions.com\/be\/fr\/wp-json\/wp\/v2\/product_cat?post=2060"},{"taxonomy":"product_tag","embeddable":true,"href":"https:\/\/www.g4ssafetysolutions.com\/be\/fr\/wp-json\/wp\/v2\/product_tag?post=2060"}],"curies":[{"name":"wp","href":"https:\/\/api.w.org\/{rel}","templated":true}]}}