{"id":2058,"date":"2026-01-16T12:45:51","date_gmt":"2026-01-16T12:45:51","guid":{"rendered":"https:\/\/www.g4ssafetysolutions.com\/be\/product\/masque-complet-msa-3s-basic-plus\/"},"modified":"2026-04-03T09:18:31","modified_gmt":"2026-04-03T09:18:31","slug":"masque-complet-msa-3s-basic-plus","status":"publish","type":"product","link":"https:\/\/www.g4ssafetysolutions.com\/be\/fr\/product\/masque-complet-msa-3s-basic-plus\/","title":{"rendered":"Masque complet MSA 3S Basic Plus"},"content":{"rendered":"<p>Le MSA 3S Basic Plus est un masque complet avec raccord filet\u00e9 unique EN 148-1. L\u2019oculaire en polycarbonate du masque complet est r\u00e9sistant aux rayures, quasi incassable et dot\u00e9 d\u2019un cadre d\u2019\u00e9tanch\u00e9it\u00e9 blanc. <\/p>\n<p><a href=\"\u00bb\"  class=\"btn short-code\"><span>Demander un devis<\/span><\/a><\/p>\n","protected":false},"excerpt":{"rendered":"<p>Le MSA 3S Basic Plus est un masque complet avec raccord filet\u00e9 unique EN 148-1. L\u2019oculaire en polycarbonate du masque complet est r\u00e9sistant aux rayures, quasi incassable et dot\u00e9 d\u2019un cadre d\u2019\u00e9tanch\u00e9it\u00e9 blanc. <\/p>\n","protected":false},"featured_media":1946,"comment_status":"open","ping_status":"closed","template":"","meta":{"_acf_changed":false,"inline_featured_image":false},"product_brand":[79],"product_cat":[123,121],"product_tag":[],"class_list":{"0":"post-2058","1":"product","2":"type-product","3":"status-publish","4":"has-post-thumbnail","6":"product_brand-msa-safety","7":"product_cat-masques-complets","8":"product_cat-protection-respiratoire","10":"first","11":"instock","12":"shipping-taxable","13":"product-type-simple"},"acf":[],"_links":{"self":[{"href":"https:\/\/www.g4ssafetysolutions.com\/be\/fr\/wp-json\/wp\/v2\/product\/2058","targetHints":{"allow":["GET"]}}],"collection":[{"href":"https:\/\/www.g4ssafetysolutions.com\/be\/fr\/wp-json\/wp\/v2\/product"}],"about":[{"href":"https:\/\/www.g4ssafetysolutions.com\/be\/fr\/wp-json\/wp\/v2\/types\/product"}],"replies":[{"embeddable":true,"href":"https:\/\/www.g4ssafetysolutions.com\/be\/fr\/wp-json\/wp\/v2\/comments?post=2058"}],"wp:featuredmedia":[{"embeddable":true,"href":"https:\/\/www.g4ssafetysolutions.com\/be\/fr\/wp-json\/wp\/v2\/media\/1946"}],"wp:attachment":[{"href":"https:\/\/www.g4ssafetysolutions.com\/be\/fr\/wp-json\/wp\/v2\/media?parent=2058"}],"wp:term":[{"taxonomy":"product_brand","embeddable":true,"href":"https:\/\/www.g4ssafetysolutions.com\/be\/fr\/wp-json\/wp\/v2\/product_brand?post=2058"},{"taxonomy":"product_cat","embeddable":true,"href":"https:\/\/www.g4ssafetysolutions.com\/be\/fr\/wp-json\/wp\/v2\/product_cat?post=2058"},{"taxonomy":"product_tag","embeddable":true,"href":"https:\/\/www.g4ssafetysolutions.com\/be\/fr\/wp-json\/wp\/v2\/product_tag?post=2058"}],"curies":[{"name":"wp","href":"https:\/\/api.w.org\/{rel}","templated":true}]}}