{"id":2035,"date":"2025-11-10T09:00:40","date_gmt":"2025-11-10T09:00:40","guid":{"rendered":"https:\/\/www.g4ssafetysolutions.com\/be\/product\/detecteur-monogaz-honeywell-bw-solo\/"},"modified":"2026-04-03T09:14:31","modified_gmt":"2026-04-03T09:14:31","slug":"detecteur-monogaz-honeywell-bw-solo","status":"publish","type":"product","link":"https:\/\/www.g4ssafetysolutions.com\/be\/fr\/product\/detecteur-monogaz-honeywell-bw-solo\/","title":{"rendered":"D\u00e9tecteur monogaz Honeywell BW Solo"},"content":{"rendered":"<p>Le Honeywell BW Solo est un d\u00e9tecteur monogaz facile \u00e0 entretenir avec connectivit\u00e9 BLE offrant une visibilit\u00e9 en temps r\u00e9el.<\/p>\n<p><a href=\"#section-2\"  class=\"btn short-code\"><span>Demander un devis<\/span><\/a><\/p>\n","protected":false},"excerpt":{"rendered":"<p>Le Honeywell BW Solo est un d\u00e9tecteur monogaz facile \u00e0 entretenir avec connectivit\u00e9 BLE offrant une visibilit\u00e9 en temps r\u00e9el.<\/p>\n","protected":false},"featured_media":1955,"comment_status":"open","ping_status":"closed","template":"","meta":{"_acf_changed":false,"inline_featured_image":false},"product_brand":[77],"product_cat":[120,116],"product_tag":[],"class_list":{"0":"post-2035","1":"product","2":"type-product","3":"status-publish","4":"has-post-thumbnail","6":"product_brand-honeywell","7":"product_cat-detecteur-monogaz","8":"product_cat-detection-de-gaz","10":"first","11":"instock","12":"shipping-taxable","13":"product-type-simple"},"acf":[],"_links":{"self":[{"href":"https:\/\/www.g4ssafetysolutions.com\/be\/fr\/wp-json\/wp\/v2\/product\/2035","targetHints":{"allow":["GET"]}}],"collection":[{"href":"https:\/\/www.g4ssafetysolutions.com\/be\/fr\/wp-json\/wp\/v2\/product"}],"about":[{"href":"https:\/\/www.g4ssafetysolutions.com\/be\/fr\/wp-json\/wp\/v2\/types\/product"}],"replies":[{"embeddable":true,"href":"https:\/\/www.g4ssafetysolutions.com\/be\/fr\/wp-json\/wp\/v2\/comments?post=2035"}],"wp:featuredmedia":[{"embeddable":true,"href":"https:\/\/www.g4ssafetysolutions.com\/be\/fr\/wp-json\/wp\/v2\/media\/1955"}],"wp:attachment":[{"href":"https:\/\/www.g4ssafetysolutions.com\/be\/fr\/wp-json\/wp\/v2\/media?parent=2035"}],"wp:term":[{"taxonomy":"product_brand","embeddable":true,"href":"https:\/\/www.g4ssafetysolutions.com\/be\/fr\/wp-json\/wp\/v2\/product_brand?post=2035"},{"taxonomy":"product_cat","embeddable":true,"href":"https:\/\/www.g4ssafetysolutions.com\/be\/fr\/wp-json\/wp\/v2\/product_cat?post=2035"},{"taxonomy":"product_tag","embeddable":true,"href":"https:\/\/www.g4ssafetysolutions.com\/be\/fr\/wp-json\/wp\/v2\/product_tag?post=2035"}],"curies":[{"name":"wp","href":"https:\/\/api.w.org\/{rel}","templated":true}]}}