{"id":2022,"date":"2025-11-10T09:07:21","date_gmt":"2025-11-10T09:07:21","guid":{"rendered":"https:\/\/www.g4ssafetysolutions.com\/be\/product\/honeywell-bw-rigrat\/"},"modified":"2026-04-03T09:14:06","modified_gmt":"2026-04-03T09:14:06","slug":"honeywell-bw-rigrat","status":"publish","type":"product","link":"https:\/\/www.g4ssafetysolutions.com\/be\/fr\/product\/honeywell-bw-rigrat\/","title":{"rendered":"Honeywell BW RigRat"},"content":{"rendered":"<p>Le Honeywell BW RigRat est un puissant d\u00e9tecteur multigaz portable pour la surveillance de zone. Avec jusqu\u2019\u00e0 six capteurs, huit semaines d\u2019autonomie et un couplage sans fil, il offre une s\u00e9curit\u00e9 optimale en milieu industriel. Adapt\u00e9 aux travaux de maintenance, aux arr\u00eats et aux espaces confin\u00e9s.  <\/p>\n<p><a href=\"\u00bb\"  class=\"btn short-code\"><span>Demander un devis<\/span><\/a><\/p>\n","protected":false},"excerpt":{"rendered":"<p>D\u00e9couvrez le Honeywell BW RigRat : d\u00e9tecteur multigaz portable pour une surveillance de zone fiable. Jusqu\u2019\u00e0 six capteurs, huit semaines d\u2019autonomie et connectivit\u00e9 sans fil. Id\u00e9al pour la s\u00e9curit\u00e9 industrielle et les environnements explosifs.  <\/p>\n","protected":false},"featured_media":1132,"comment_status":"open","ping_status":"closed","template":"","meta":{"_acf_changed":false,"inline_featured_image":false},"product_brand":[],"product_cat":[114],"product_tag":[],"class_list":{"0":"post-2022","1":"product","2":"type-product","3":"status-publish","4":"has-post-thumbnail","6":"product_cat-surveillance-de-zone","8":"first","9":"instock","10":"shipping-taxable","11":"product-type-simple"},"acf":[],"_links":{"self":[{"href":"https:\/\/www.g4ssafetysolutions.com\/be\/fr\/wp-json\/wp\/v2\/product\/2022","targetHints":{"allow":["GET"]}}],"collection":[{"href":"https:\/\/www.g4ssafetysolutions.com\/be\/fr\/wp-json\/wp\/v2\/product"}],"about":[{"href":"https:\/\/www.g4ssafetysolutions.com\/be\/fr\/wp-json\/wp\/v2\/types\/product"}],"replies":[{"embeddable":true,"href":"https:\/\/www.g4ssafetysolutions.com\/be\/fr\/wp-json\/wp\/v2\/comments?post=2022"}],"wp:featuredmedia":[{"embeddable":true,"href":"https:\/\/www.g4ssafetysolutions.com\/be\/fr\/wp-json\/wp\/v2\/media\/1132"}],"wp:attachment":[{"href":"https:\/\/www.g4ssafetysolutions.com\/be\/fr\/wp-json\/wp\/v2\/media?parent=2022"}],"wp:term":[{"taxonomy":"product_brand","embeddable":true,"href":"https:\/\/www.g4ssafetysolutions.com\/be\/fr\/wp-json\/wp\/v2\/product_brand?post=2022"},{"taxonomy":"product_cat","embeddable":true,"href":"https:\/\/www.g4ssafetysolutions.com\/be\/fr\/wp-json\/wp\/v2\/product_cat?post=2022"},{"taxonomy":"product_tag","embeddable":true,"href":"https:\/\/www.g4ssafetysolutions.com\/be\/fr\/wp-json\/wp\/v2\/product_tag?post=2022"}],"curies":[{"name":"wp","href":"https:\/\/api.w.org\/{rel}","templated":true}]}}