{"id":2013,"date":"2025-11-10T09:07:05","date_gmt":"2025-11-10T09:07:05","guid":{"rendered":"https:\/\/www.g4ssafetysolutions.com\/be\/product\/radius-bz1-surveillance-de-zone\/"},"modified":"2026-04-03T09:13:23","modified_gmt":"2026-04-03T09:13:23","slug":"radius-bz1-surveillance-de-zone","status":"publish","type":"product","link":"https:\/\/www.g4ssafetysolutions.com\/be\/fr\/product\/radius-bz1-surveillance-de-zone\/","title":{"rendered":"Radius BZ1 Surveillance de zone"},"content":{"rendered":"<p>Le moniteur de zone Radius\u00ae BZ1 offre une d\u00e9tection fiable de jusqu\u2019\u00e0 sept gaz simultan\u00e9ment. Avec LENS\u2122 Wireless, des alarmes de 108 dB, une autonomie de 50 jours et une conception IP66, ce moniteur garantit une s\u00e9curit\u00e9 maximale dans tout environnement de travail. <\/p>\n<p><a href=\"\u00bb\"  class=\"btn short-code\"><span>Demander un devis<\/span><\/a><\/p>\n","protected":false},"excerpt":{"rendered":"<p>La surveillance de zone Radius BZ1 combine une technologie de capteurs avanc\u00e9e avec une connectivit\u00e9 sans fil. Elle d\u00e9tecte jusqu\u2019\u00e0 sept gaz simultan\u00e9ment et offre une protection 24h\/24, 7j\/7, m\u00eame dans les conditions industrielles les plus difficiles. <\/p>\n","protected":false},"featured_media":1131,"comment_status":"open","ping_status":"closed","template":"","meta":{"_acf_changed":false,"inline_featured_image":false},"product_brand":[78],"product_cat":[114],"product_tag":[],"class_list":{"0":"post-2013","1":"product","2":"type-product","3":"status-publish","4":"has-post-thumbnail","6":"product_brand-industrial-scientific","7":"product_cat-surveillance-de-zone","9":"first","10":"instock","11":"shipping-taxable","12":"product-type-simple"},"acf":[],"_links":{"self":[{"href":"https:\/\/www.g4ssafetysolutions.com\/be\/fr\/wp-json\/wp\/v2\/product\/2013","targetHints":{"allow":["GET"]}}],"collection":[{"href":"https:\/\/www.g4ssafetysolutions.com\/be\/fr\/wp-json\/wp\/v2\/product"}],"about":[{"href":"https:\/\/www.g4ssafetysolutions.com\/be\/fr\/wp-json\/wp\/v2\/types\/product"}],"replies":[{"embeddable":true,"href":"https:\/\/www.g4ssafetysolutions.com\/be\/fr\/wp-json\/wp\/v2\/comments?post=2013"}],"wp:featuredmedia":[{"embeddable":true,"href":"https:\/\/www.g4ssafetysolutions.com\/be\/fr\/wp-json\/wp\/v2\/media\/1131"}],"wp:attachment":[{"href":"https:\/\/www.g4ssafetysolutions.com\/be\/fr\/wp-json\/wp\/v2\/media?parent=2013"}],"wp:term":[{"taxonomy":"product_brand","embeddable":true,"href":"https:\/\/www.g4ssafetysolutions.com\/be\/fr\/wp-json\/wp\/v2\/product_brand?post=2013"},{"taxonomy":"product_cat","embeddable":true,"href":"https:\/\/www.g4ssafetysolutions.com\/be\/fr\/wp-json\/wp\/v2\/product_cat?post=2013"},{"taxonomy":"product_tag","embeddable":true,"href":"https:\/\/www.g4ssafetysolutions.com\/be\/fr\/wp-json\/wp\/v2\/product_tag?post=2013"}],"curies":[{"name":"wp","href":"https:\/\/api.w.org\/{rel}","templated":true}]}}